{"id":16958,"date":"2024-05-16T17:55:28","date_gmt":"2024-05-16T20:55:28","guid":{"rendered":"https:\/\/leoweb.com.br\/central\/?page_id=16958"},"modified":"2024-05-16T17:55:38","modified_gmt":"2024-05-16T20:55:38","slug":"esqueci-minha-senha","status":"publish","type":"page","link":"https:\/\/leoweb.com.br\/central\/esqueci-minha-senha\/","title":{"rendered":"Esqueci minha senha"},"content":{"rendered":"\r\n<div id=\"password-lost-form-wrap\">\r\n\r\n\t\r\n\t\r\n\t<form id=\"lostpasswordform\" method=\"post\" class=\"account-page-form\">\r\n\t\t<fieldset>\r\n\t\t\t<legend>Redefinir senha<\/legend>\r\n\r\n\t\t\t<div class=\"somfrp-lost-pass-form-text\">\r\n\t\t\t\t<p>Por favor, insira seu endere\u00e7o de e-mail ou nome de usu\u00e1rio. Voc\u00ea receber\u00e1 um link para criar uma nova senha por e-mail.<\/p>\n\t\t\t<\/div>\r\n\r\n\t\t\t<p class=\"no-margin\">\r\n\t\t\t\t<label for=\"somfrp_user_info\">Endere\u00e7o de e-mail<\/label>\r\n\t\t\t\t<input type=\"text\" name=\"somfrp_user_info\" id=\"somfrp_user_info\" required autocomplete=\"username\">\r\n\t\t\t<\/p>\r\n\t\t\t\r\n\r\n\t\t\t<div class=\"lostpassword-submit\">\r\n\t\t\t\t<input type=\"hidden\" id=\"somfrp_nonce\" name=\"somfrp_nonce\" value=\"ee39f0f680\" \/><input type=\"hidden\" name=\"_wp_http_referer\" value=\"\/central\/wp-json\/wp\/v2\/pages\/16958\" \/>\t\t\t\t<input type=\"hidden\" name=\"submitted\" id=\"submitted\" value=\"true\">\r\n\t\t\t\t<input type=\"hidden\" name=\"somfrp_action\" id=\"somfrp_post_action\" value=\"somfrp_lost_pass\">\r\n\t\t\t\t<button type=\"submit\" id=\"reset-pass-submit\" name=\"reset-pass-submit\" class=\"button big-btn\">Redefinir senha<\/button>\r\n\t\t\t<\/div>\r\n\r\n\t\t<\/fieldset>\r\n\t<\/form>\r\n\r\n<\/div>\n","protected":false},"excerpt":{"rendered":"","protected":false},"author":30,"featured_media":0,"parent":0,"menu_order":0,"comment_status":"closed","ping_status":"closed","template":"","meta":{"_acf_changed":false,"content-type":"","iawp_total_views":1414,"footnotes":""},"class_list":["post-16958","page","type-page","status-publish","hentry"],"acf":[],"yoast_head":"<!-- This site is optimized with the Yoast SEO plugin v24.4 - https:\/\/yoast.com\/wordpress\/plugins\/seo\/ -->\n<title>Esqueci minha senha - Central de Conte\u00fados Soluti<\/title>\n<meta name=\"robots\" content=\"index, follow, max-snippet:-1, max-image-preview:large, max-video-preview:-1\" \/>\n<link rel=\"canonical\" href=\"https:\/\/leoweb.com.br\/central\/esqueci-minha-senha\/\" \/>\n<meta property=\"og:locale\" content=\"pt_BR\" \/>\n<meta property=\"og:type\" content=\"article\" \/>\n<meta property=\"og:title\" content=\"Esqueci minha senha - Central de Conte\u00fados Soluti\" \/>\n<meta property=\"og:url\" content=\"https:\/\/leoweb.com.br\/central\/esqueci-minha-senha\/\" \/>\n<meta property=\"og:site_name\" content=\"Central de Conte\u00fados Soluti\" \/>\n<meta property=\"article:modified_time\" content=\"2024-05-16T20:55:38+00:00\" \/>\n<meta name=\"twitter:card\" content=\"summary_large_image\" \/>\n<meta name=\"twitter:label1\" content=\"Est. tempo de leitura\" \/>\n\t<meta name=\"twitter:data1\" content=\"1 minuto\" \/>\n<script type=\"application\/ld+json\" class=\"yoast-schema-graph\">{\"@context\":\"https:\/\/schema.org\",\"@graph\":[{\"@type\":\"WebPage\",\"@id\":\"https:\/\/leoweb.com.br\/central\/esqueci-minha-senha\/\",\"url\":\"https:\/\/leoweb.com.br\/central\/esqueci-minha-senha\/\",\"name\":\"Esqueci minha senha - Central de Conte\u00fados Soluti\",\"isPartOf\":{\"@id\":\"https:\/\/leoweb.com.br\/central\/#website\"},\"datePublished\":\"2024-05-16T20:55:28+00:00\",\"dateModified\":\"2024-05-16T20:55:38+00:00\",\"breadcrumb\":{\"@id\":\"https:\/\/leoweb.com.br\/central\/esqueci-minha-senha\/#breadcrumb\"},\"inLanguage\":\"pt-BR\",\"potentialAction\":[{\"@type\":\"ReadAction\",\"target\":[\"https:\/\/leoweb.com.br\/central\/esqueci-minha-senha\/\"]}]},{\"@type\":\"BreadcrumbList\",\"@id\":\"https:\/\/leoweb.com.br\/central\/esqueci-minha-senha\/#breadcrumb\",\"itemListElement\":[{\"@type\":\"ListItem\",\"position\":1,\"name\":\"In\u00edcio\",\"item\":\"https:\/\/leoweb.com.br\/central\/\"},{\"@type\":\"ListItem\",\"position\":2,\"name\":\"Esqueci minha senha\"}]},{\"@type\":\"WebSite\",\"@id\":\"https:\/\/leoweb.com.br\/central\/#website\",\"url\":\"https:\/\/leoweb.com.br\/central\/\",\"name\":\"Central de Conte\u00fados Soluti\",\"description\":\"\",\"potentialAction\":[{\"@type\":\"SearchAction\",\"target\":{\"@type\":\"EntryPoint\",\"urlTemplate\":\"https:\/\/leoweb.com.br\/central\/?s={search_term_string}\"},\"query-input\":{\"@type\":\"PropertyValueSpecification\",\"valueRequired\":true,\"valueName\":\"search_term_string\"}}],\"inLanguage\":\"pt-BR\"}]}<\/script>\n<!-- \/ Yoast SEO plugin. -->","yoast_head_json":{"title":"Esqueci minha senha - Central de Conte\u00fados Soluti","robots":{"index":"index","follow":"follow","max-snippet":"max-snippet:-1","max-image-preview":"max-image-preview:large","max-video-preview":"max-video-preview:-1"},"canonical":"https:\/\/leoweb.com.br\/central\/esqueci-minha-senha\/","og_locale":"pt_BR","og_type":"article","og_title":"Esqueci minha senha - Central de Conte\u00fados Soluti","og_url":"https:\/\/leoweb.com.br\/central\/esqueci-minha-senha\/","og_site_name":"Central de Conte\u00fados Soluti","article_modified_time":"2024-05-16T20:55:38+00:00","twitter_card":"summary_large_image","twitter_misc":{"Est. tempo de leitura":"1 minuto"},"schema":{"@context":"https:\/\/schema.org","@graph":[{"@type":"WebPage","@id":"https:\/\/leoweb.com.br\/central\/esqueci-minha-senha\/","url":"https:\/\/leoweb.com.br\/central\/esqueci-minha-senha\/","name":"Esqueci minha senha - Central de Conte\u00fados Soluti","isPartOf":{"@id":"https:\/\/leoweb.com.br\/central\/#website"},"datePublished":"2024-05-16T20:55:28+00:00","dateModified":"2024-05-16T20:55:38+00:00","breadcrumb":{"@id":"https:\/\/leoweb.com.br\/central\/esqueci-minha-senha\/#breadcrumb"},"inLanguage":"pt-BR","potentialAction":[{"@type":"ReadAction","target":["https:\/\/leoweb.com.br\/central\/esqueci-minha-senha\/"]}]},{"@type":"BreadcrumbList","@id":"https:\/\/leoweb.com.br\/central\/esqueci-minha-senha\/#breadcrumb","itemListElement":[{"@type":"ListItem","position":1,"name":"In\u00edcio","item":"https:\/\/leoweb.com.br\/central\/"},{"@type":"ListItem","position":2,"name":"Esqueci minha senha"}]},{"@type":"WebSite","@id":"https:\/\/leoweb.com.br\/central\/#website","url":"https:\/\/leoweb.com.br\/central\/","name":"Central de Conte\u00fados Soluti","description":"","potentialAction":[{"@type":"SearchAction","target":{"@type":"EntryPoint","urlTemplate":"https:\/\/leoweb.com.br\/central\/?s={search_term_string}"},"query-input":{"@type":"PropertyValueSpecification","valueRequired":true,"valueName":"search_term_string"}}],"inLanguage":"pt-BR"}]}},"_links":{"self":[{"href":"https:\/\/leoweb.com.br\/central\/wp-json\/wp\/v2\/pages\/16958","targetHints":{"allow":["GET"]}}],"collection":[{"href":"https:\/\/leoweb.com.br\/central\/wp-json\/wp\/v2\/pages"}],"about":[{"href":"https:\/\/leoweb.com.br\/central\/wp-json\/wp\/v2\/types\/page"}],"author":[{"embeddable":true,"href":"https:\/\/leoweb.com.br\/central\/wp-json\/wp\/v2\/users\/30"}],"replies":[{"embeddable":true,"href":"https:\/\/leoweb.com.br\/central\/wp-json\/wp\/v2\/comments?post=16958"}],"version-history":[{"count":0,"href":"https:\/\/leoweb.com.br\/central\/wp-json\/wp\/v2\/pages\/16958\/revisions"}],"wp:attachment":[{"href":"https:\/\/leoweb.com.br\/central\/wp-json\/wp\/v2\/media?parent=16958"}],"curies":[{"name":"wp","href":"https:\/\/api.w.org\/{rel}","templated":true}]}}