{"id":18444,"date":"2024-02-22T21:55:51","date_gmt":"2024-02-22T21:55:51","guid":{"rendered":"https:\/\/leoweb.com.br\/soluti\/?page_id=18444"},"modified":"2025-03-11T20:59:28","modified_gmt":"2025-03-11T20:59:28","slug":"global","status":"publish","type":"page","link":"https:\/\/leoweb.com.br\/soluti\/global\/","title":{"rendered":"Global"},"content":{"rendered":"\t\t<div data-elementor-type=\"wp-page\" data-elementor-id=\"18444\" class=\"elementor elementor-18444\" data-elementor-post-type=\"page\">\n\t\t\t\t\t\t<section class=\"has_eae_slider elementor-section elementor-top-section elementor-element elementor-element-176eefc9 elementor-section-height-min-height elementor-section-boxed elementor-section-height-default elementor-section-items-middle\" data-eae-slider=\"24384\" data-id=\"176eefc9\" data-element_type=\"section\" data-e-type=\"section\" data-settings=\"{&quot;background_background&quot;:&quot;classic&quot;}\">\n\t\t\t\t\t\t<div class=\"elementor-container elementor-column-gap-default\">\n\t\t\t\t\t<div class=\"has_eae_slider elementor-column elementor-col-50 elementor-top-column elementor-element elementor-element-7dced38b\" data-eae-slider=\"19518\" data-id=\"7dced38b\" data-element_type=\"column\" data-e-type=\"column\">\n\t\t\t<div class=\"elementor-widget-wrap elementor-element-populated\">\n\t\t\t\t\t\t<div class=\"elementor-element elementor-element-140b86bb elementor-widget elementor-widget-heading\" data-id=\"140b86bb\" data-element_type=\"widget\" data-e-type=\"widget\" data-widget_type=\"heading.default\">\n\t\t\t\t\t<h1 class=\"elementor-heading-title elementor-size-default\">Global Solutions<\/h1>\t\t\t\t<\/div>\n\t\t\t\t<div class=\"elementor-element elementor-element-668f0c0 elementor-widget elementor-widget-text-editor\" data-id=\"668f0c0\" data-element_type=\"widget\" data-e-type=\"widget\" data-widget_type=\"text-editor.default\">\n\t\t\t\t\t\t\t\t\tCheck out all Soluti solutions around the world\t\t\t\t\t\t\t\t<\/div>\n\t\t\t\t\t<\/div>\n\t\t<\/div>\n\t\t\t\t<div class=\"has_eae_slider elementor-column elementor-col-50 elementor-top-column elementor-element elementor-element-337875\" data-eae-slider=\"91678\" data-id=\"337875\" data-element_type=\"column\" data-e-type=\"column\">\n\t\t\t<div class=\"elementor-widget-wrap\">\n\t\t\t\t\t\t\t<\/div>\n\t\t<\/div>\n\t\t\t\t\t<\/div>\n\t\t<\/section>\n\t\t\t\t<section class=\"has_eae_slider elementor-section elementor-top-section elementor-element elementor-element-87b1e8a elementor-section-boxed elementor-section-height-default elementor-section-height-default\" data-eae-slider=\"4752\" data-id=\"87b1e8a\" data-element_type=\"section\" data-e-type=\"section\">\n\t\t\t\t\t\t<div class=\"elementor-container elementor-column-gap-default\">\n\t\t\t\t\t<div class=\"has_eae_slider elementor-column elementor-col-50 elementor-top-column elementor-element elementor-element-765333ee\" data-eae-slider=\"72309\" data-id=\"765333ee\" data-element_type=\"column\" data-e-type=\"column\">\n\t\t\t<div class=\"elementor-widget-wrap elementor-element-populated\">\n\t\t\t\t\t\t<section class=\"has_eae_slider elementor-section elementor-inner-section elementor-element elementor-element-63c095da elementor-section-boxed elementor-section-height-default elementor-section-height-default\" data-eae-slider=\"57894\" data-id=\"63c095da\" data-element_type=\"section\" data-e-type=\"section\">\n\t\t\t\t\t\t<div class=\"elementor-container elementor-column-gap-default\">\n\t\t\t\t\t<div class=\"has_eae_slider elementor-column elementor-col-50 elementor-inner-column elementor-element elementor-element-2ab2660c\" data-eae-slider=\"17856\" data-id=\"2ab2660c\" data-element_type=\"column\" data-e-type=\"column\">\n\t\t\t<div class=\"elementor-widget-wrap elementor-element-populated\">\n\t\t\t\t\t\t<div class=\"elementor-element elementor-element-65c41efa elementor-widget__width-auto elementor-widget elementor-widget-image\" data-id=\"65c41efa\" data-element_type=\"widget\" data-e-type=\"widget\" data-widget_type=\"image.default\">\n\t\t\t\t\t\t\t\t\t\t\t\t\t\t\t<img decoding=\"async\" width=\"32\" height=\"21\" src=\"https:\/\/leoweb.com.br\/soluti\/wp-content\/uploads\/2024\/02\/brazil.png\" class=\"attachment-full size-full wp-image-18451\" alt=\"Bandeira do Brasil\" \/>\t\t\t\t\t\t\t\t\t\t\t\t\t\t\t<\/div>\n\t\t\t\t<div class=\"elementor-element elementor-element-cbaf254 elementor-widget__width-auto elementor-widget elementor-widget-heading\" data-id=\"cbaf254\" data-element_type=\"widget\" data-e-type=\"widget\" data-widget_type=\"heading.default\">\n\t\t\t\t\t<h2 class=\"elementor-heading-title elementor-size-default\">Brazil<\/h2>\t\t\t\t<\/div>\n\t\t\t\t<div class=\"elementor-element elementor-element-253076af elementor-icon-list--layout-traditional elementor-list-item-link-full_width elementor-widget elementor-widget-icon-list\" data-id=\"253076af\" data-element_type=\"widget\" data-e-type=\"widget\" data-widget_type=\"icon-list.default\">\n\t\t\t\t\t\t\t<ul class=\"elementor-icon-list-items\">\n\t\t\t\t\t\t\t<li class=\"elementor-icon-list-item\">\n\t\t\t\t\t\t\t\t\t\t\t<a href=\"https:\/\/leoweb.com.br\/soluti\/\">\n\n\t\t\t\t\t\t\t\t\t\t\t<span class=\"elementor-icon-list-text\">Certificado Digital<\/span>\n\t\t\t\t\t\t\t\t\t\t\t<\/a>\n\t\t\t\t\t\t\t\t\t<\/li>\n\t\t\t\t\t\t\t\t<li class=\"elementor-icon-list-item\">\n\t\t\t\t\t\t\t\t\t\t\t<a href=\"https:\/\/leoweb.com.br\/soluti\/certificado_digital\/certificado-ssl\/\" target=\"_blank\">\n\n\t\t\t\t\t\t\t\t\t\t\t<span class=\"elementor-icon-list-text\">SSL<\/span>\n\t\t\t\t\t\t\t\t\t\t\t<\/a>\n\t\t\t\t\t\t\t\t\t<\/li>\n\t\t\t\t\t\t\t\t<li class=\"elementor-icon-list-item\">\n\t\t\t\t\t\t\t\t\t\t\t<a href=\"https:\/\/birdid.com.br\/\">\n\n\t\t\t\t\t\t\t\t\t\t\t<span class=\"elementor-icon-list-text\">Bird ID<\/span>\n\t\t\t\t\t\t\t\t\t\t\t<\/a>\n\t\t\t\t\t\t\t\t\t<\/li>\n\t\t\t\t\t\t\t\t<li class=\"elementor-icon-list-item\">\n\t\t\t\t\t\t\t\t\t\t\t<a href=\"https:\/\/everestdigital.com.br\/\">\n\n\t\t\t\t\t\t\t\t\t\t\t<span class=\"elementor-icon-list-text\">Everest Digital<\/span>\n\t\t\t\t\t\t\t\t\t\t\t<\/a>\n\t\t\t\t\t\t\t\t\t<\/li>\n\t\t\t\t\t\t<\/ul>\n\t\t\t\t\t\t<\/div>\n\t\t\t\t\t<\/div>\n\t\t<\/div>\n\t\t\t\t<div class=\"has_eae_slider elementor-column elementor-col-50 elementor-inner-column elementor-element elementor-element-5a433d60\" data-eae-slider=\"17362\" data-id=\"5a433d60\" data-element_type=\"column\" data-e-type=\"column\">\n\t\t\t<div class=\"elementor-widget-wrap elementor-element-populated\">\n\t\t\t\t\t\t<div class=\"elementor-element elementor-element-25567295 elementor-widget__width-auto elementor-widget elementor-widget-image\" data-id=\"25567295\" data-element_type=\"widget\" data-e-type=\"widget\" data-widget_type=\"image.default\">\n\t\t\t\t\t\t\t\t\t\t\t\t\t\t\t<img decoding=\"async\" width=\"32\" height=\"21\" src=\"https:\/\/leoweb.com.br\/soluti\/wp-content\/uploads\/2024\/02\/peru.png\" class=\"attachment-full size-full wp-image-18452\" alt=\"Bandeira Peru\" \/>\t\t\t\t\t\t\t\t\t\t\t\t\t\t\t<\/div>\n\t\t\t\t<div class=\"elementor-element elementor-element-4a7d9123 elementor-widget__width-auto elementor-widget elementor-widget-heading\" data-id=\"4a7d9123\" data-element_type=\"widget\" data-e-type=\"widget\" data-widget_type=\"heading.default\">\n\t\t\t\t\t<h2 class=\"elementor-heading-title elementor-size-default\">Peru<\/h2>\t\t\t\t<\/div>\n\t\t\t\t<div class=\"elementor-element elementor-element-36bd0281 elementor-icon-list--layout-traditional elementor-list-item-link-full_width elementor-widget elementor-widget-icon-list\" data-id=\"36bd0281\" data-element_type=\"widget\" data-e-type=\"widget\" data-widget_type=\"icon-list.default\">\n\t\t\t\t\t\t\t<ul class=\"elementor-icon-list-items\">\n\t\t\t\t\t\t\t<li class=\"elementor-icon-list-item\">\n\t\t\t\t\t\t\t\t\t\t\t<a href=\"https:\/\/solutitech.pe\/\" target=\"_blank\">\n\n\t\t\t\t\t\t\t\t\t\t\t<span class=\"elementor-icon-list-text\">Certificado Digital<\/span>\n\t\t\t\t\t\t\t\t\t\t\t<\/a>\n\t\t\t\t\t\t\t\t\t<\/li>\n\t\t\t\t\t\t\t\t<li class=\"elementor-icon-list-item\">\n\t\t\t\t\t\t\t\t\t\t\t<a href=\"https:\/\/www.intellisign.com\/pe\/ssl\/\" target=\"_blank\">\n\n\t\t\t\t\t\t\t\t\t\t\t<span class=\"elementor-icon-list-text\">SSL<\/span>\n\t\t\t\t\t\t\t\t\t\t\t<\/a>\n\t\t\t\t\t\t\t\t\t<\/li>\n\t\t\t\t\t\t\t\t<li class=\"elementor-icon-list-item\">\n\t\t\t\t\t\t\t\t\t\t\t<a href=\"https:\/\/www.intellisign.com\/pe\/\" target=\"_blank\">\n\n\t\t\t\t\t\t\t\t\t\t\t<span class=\"elementor-icon-list-text\">Intellisign<\/span>\n\t\t\t\t\t\t\t\t\t\t\t<\/a>\n\t\t\t\t\t\t\t\t\t<\/li>\n\t\t\t\t\t\t<\/ul>\n\t\t\t\t\t\t<\/div>\n\t\t\t\t\t<\/div>\n\t\t<\/div>\n\t\t\t\t\t<\/div>\n\t\t<\/section>\n\t\t\t\t\t<\/div>\n\t\t<\/div>\n\t\t\t\t<div class=\"has_eae_slider elementor-column elementor-col-50 elementor-top-column elementor-element elementor-element-3224a49b\" data-eae-slider=\"21148\" data-id=\"3224a49b\" data-element_type=\"column\" data-e-type=\"column\">\n\t\t\t<div class=\"elementor-widget-wrap elementor-element-populated\">\n\t\t\t\t\t\t<div class=\"elementor-element elementor-element-7c5cd37 elementor-widget__width-initial elementor-widget elementor-widget-image\" data-id=\"7c5cd37\" data-element_type=\"widget\" data-e-type=\"widget\" data-widget_type=\"image.default\">\n\t\t\t\t\t\t\t\t\t\t\t\t\t\t\t<img fetchpriority=\"high\" decoding=\"async\" width=\"424\" height=\"409\" src=\"https:\/\/leoweb.com.br\/soluti\/wp-content\/uploads\/2024\/02\/young-businessman-working-in-office.jpg\" class=\"attachment-large size-large wp-image-18456\" alt=\"Homem olhando o celular\" srcset=\"https:\/\/leoweb.com.br\/soluti\/wp-content\/uploads\/2024\/02\/young-businessman-working-in-office.jpg 424w, https:\/\/leoweb.com.br\/soluti\/wp-content\/uploads\/2024\/02\/young-businessman-working-in-office-300x289.jpg 300w\" sizes=\"(max-width: 424px) 100vw, 424px\" \/>\t\t\t\t\t\t\t\t\t\t\t\t\t\t\t<\/div>\n\t\t\t\t\t<\/div>\n\t\t<\/div>\n\t\t\t\t\t<\/div>\n\t\t<\/section>\n\t\t\t\t<\/div>\n\t\t","protected":false},"excerpt":{"rendered":"<p>Global Solutions Check out all Soluti solutions around the world Brazil Certificado Digital SSL Bird ID Everest Digital Peru Certificado Digital SSL Intellisign<\/p>\n","protected":false},"author":8,"featured_media":0,"parent":0,"menu_order":0,"comment_status":"closed","ping_status":"closed","template":"","meta":{"_acf_changed":false,"content-type":"","footnotes":""},"class_list":["post-18444","page","type-page","status-publish","hentry"],"acf":[],"yoast_head":"<!-- This site is optimized with the Yoast SEO Premium plugin v26.2 (Yoast SEO v27.4) - https:\/\/yoast.com\/product\/yoast-seo-premium-wordpress\/ -->\n<title>Global - Soluti<\/title>\n<meta name=\"description\" content=\"Conhe\u00e7a as solu\u00e7\u00f5es globais da Soluti, como Certificado Digital e SSL no Brasil e Peru. Amplie sua seguran\u00e7a digital conosco.\" \/>\n<meta name=\"robots\" content=\"noindex, follow, max-snippet:-1, max-image-preview:large, max-video-preview:-1\" \/>\n<meta property=\"og:locale\" content=\"pt_BR\" \/>\n<meta property=\"og:type\" content=\"article\" \/>\n<meta property=\"og:title\" content=\"Global\" \/>\n<meta property=\"og:description\" content=\"Soluti Certificado Digital | L\u00edder em Certificados Digitais no Brasil\" \/>\n<meta property=\"og:url\" content=\"https:\/\/leoweb.com.br\/soluti\/global\/\" \/>\n<meta property=\"og:site_name\" content=\"Soluti\" \/>\n<meta property=\"article:publisher\" content=\"https:\/\/www.facebook.com\/SolutiDigital\" \/>\n<meta property=\"article:modified_time\" content=\"2025-03-11T20:59:28+00:00\" \/>\n<meta property=\"og:image\" content=\"https:\/\/leoweb.com.br\/soluti\/wp-content\/uploads\/2024\/02\/brazil.png\" \/>\n<meta name=\"twitter:card\" content=\"summary_large_image\" \/>\n<meta name=\"twitter:label1\" content=\"Est. tempo de leitura\" \/>\n\t<meta name=\"twitter:data1\" content=\"1 minuto\" \/>\n<script type=\"application\/ld+json\" class=\"yoast-schema-graph\">{\"@context\":\"https:\\\/\\\/schema.org\",\"@graph\":[{\"@type\":\"WebPage\",\"@id\":\"https:\\\/\\\/leoweb.com.br\\\/soluti\\\/global\\\/\",\"url\":\"https:\\\/\\\/leoweb.com.br\\\/soluti\\\/global\\\/\",\"name\":\"Global - Soluti\",\"isPartOf\":{\"@id\":\"https:\\\/\\\/leoweb.com.br\\\/soluti\\\/#website\"},\"primaryImageOfPage\":{\"@id\":\"https:\\\/\\\/leoweb.com.br\\\/soluti\\\/global\\\/#primaryimage\"},\"image\":{\"@id\":\"https:\\\/\\\/leoweb.com.br\\\/soluti\\\/global\\\/#primaryimage\"},\"thumbnailUrl\":\"https:\\\/\\\/leoweb.com.br\\\/soluti\\\/wp-content\\\/uploads\\\/2024\\\/02\\\/brazil.png\",\"datePublished\":\"2024-02-22T21:55:51+00:00\",\"dateModified\":\"2025-03-11T20:59:28+00:00\",\"description\":\"Conhe\u00e7a as solu\u00e7\u00f5es globais da Soluti, como Certificado Digital e SSL no Brasil e Peru. Amplie sua seguran\u00e7a digital conosco.\",\"breadcrumb\":{\"@id\":\"https:\\\/\\\/leoweb.com.br\\\/soluti\\\/global\\\/#breadcrumb\"},\"inLanguage\":\"pt-BR\",\"potentialAction\":[{\"@type\":\"ReadAction\",\"target\":[\"https:\\\/\\\/leoweb.com.br\\\/soluti\\\/global\\\/\"]}]},{\"@type\":\"ImageObject\",\"inLanguage\":\"pt-BR\",\"@id\":\"https:\\\/\\\/leoweb.com.br\\\/soluti\\\/global\\\/#primaryimage\",\"url\":\"https:\\\/\\\/leoweb.com.br\\\/soluti\\\/wp-content\\\/uploads\\\/2024\\\/02\\\/brazil.png\",\"contentUrl\":\"https:\\\/\\\/leoweb.com.br\\\/soluti\\\/wp-content\\\/uploads\\\/2024\\\/02\\\/brazil.png\",\"width\":32,\"height\":21,\"caption\":\"Bandeira do Brasil\"},{\"@type\":\"BreadcrumbList\",\"@id\":\"https:\\\/\\\/leoweb.com.br\\\/soluti\\\/global\\\/#breadcrumb\",\"itemListElement\":[{\"@type\":\"ListItem\",\"position\":1,\"name\":\"In\u00edcio\",\"item\":\"https:\\\/\\\/leoweb.com.br\\\/soluti\\\/\"},{\"@type\":\"ListItem\",\"position\":2,\"name\":\"Global\"}]},{\"@type\":\"WebSite\",\"@id\":\"https:\\\/\\\/leoweb.com.br\\\/soluti\\\/#website\",\"url\":\"https:\\\/\\\/leoweb.com.br\\\/soluti\\\/\",\"name\":\"Soluti IDTech\",\"description\":\"Certificados Digitais\",\"publisher\":{\"@id\":\"https:\\\/\\\/leoweb.com.br\\\/soluti\\\/#organization\"},\"alternateName\":\"Soluti Certificado Digital\",\"potentialAction\":[{\"@type\":\"SearchAction\",\"target\":{\"@type\":\"EntryPoint\",\"urlTemplate\":\"https:\\\/\\\/leoweb.com.br\\\/soluti\\\/?s={search_term_string}\"},\"query-input\":{\"@type\":\"PropertyValueSpecification\",\"valueRequired\":true,\"valueName\":\"search_term_string\"}}],\"inLanguage\":\"pt-BR\"},{\"@type\":\"Organization\",\"@id\":\"https:\\\/\\\/leoweb.com.br\\\/soluti\\\/#organization\",\"name\":\"Soluti Certificado Digital\",\"url\":\"https:\\\/\\\/leoweb.com.br\\\/soluti\\\/\",\"logo\":{\"@type\":\"ImageObject\",\"inLanguage\":\"pt-BR\",\"@id\":\"https:\\\/\\\/leoweb.com.br\\\/soluti\\\/#\\\/schema\\\/logo\\\/image\\\/\",\"url\":\"https:\\\/\\\/leoweb.com.br\\\/soluti\\\/wp-content\\\/uploads\\\/2022\\\/12\\\/favicon.png\",\"contentUrl\":\"https:\\\/\\\/leoweb.com.br\\\/soluti\\\/wp-content\\\/uploads\\\/2022\\\/12\\\/favicon.png\",\"width\":250,\"height\":250,\"caption\":\"Soluti Certificado Digital\"},\"image\":{\"@id\":\"https:\\\/\\\/leoweb.com.br\\\/soluti\\\/#\\\/schema\\\/logo\\\/image\\\/\"},\"sameAs\":[\"https:\\\/\\\/www.facebook.com\\\/SolutiDigital\",\"https:\\\/\\\/www.instagram.com\\\/solutidigital\\\/\"]}]}<\/script>\n<!-- \/ Yoast SEO Premium plugin. -->","yoast_head_json":{"title":"Global - Soluti","description":"Conhe\u00e7a as solu\u00e7\u00f5es globais da Soluti, como Certificado Digital e SSL no Brasil e Peru. Amplie sua seguran\u00e7a digital conosco.","robots":{"index":"noindex","follow":"follow","max-snippet":"max-snippet:-1","max-image-preview":"max-image-preview:large","max-video-preview":"max-video-preview:-1"},"og_locale":"pt_BR","og_type":"article","og_title":"Global","og_description":"Soluti Certificado Digital | L\u00edder em Certificados Digitais no Brasil","og_url":"https:\/\/leoweb.com.br\/soluti\/global\/","og_site_name":"Soluti","article_publisher":"https:\/\/www.facebook.com\/SolutiDigital","article_modified_time":"2025-03-11T20:59:28+00:00","og_image":[{"url":"https:\/\/leoweb.com.br\/soluti\/wp-content\/uploads\/2024\/02\/brazil.png","type":"","width":"","height":""}],"twitter_card":"summary_large_image","twitter_misc":{"Est. tempo de leitura":"1 minuto"},"schema":{"@context":"https:\/\/schema.org","@graph":[{"@type":"WebPage","@id":"https:\/\/leoweb.com.br\/soluti\/global\/","url":"https:\/\/leoweb.com.br\/soluti\/global\/","name":"Global - Soluti","isPartOf":{"@id":"https:\/\/leoweb.com.br\/soluti\/#website"},"primaryImageOfPage":{"@id":"https:\/\/leoweb.com.br\/soluti\/global\/#primaryimage"},"image":{"@id":"https:\/\/leoweb.com.br\/soluti\/global\/#primaryimage"},"thumbnailUrl":"https:\/\/leoweb.com.br\/soluti\/wp-content\/uploads\/2024\/02\/brazil.png","datePublished":"2024-02-22T21:55:51+00:00","dateModified":"2025-03-11T20:59:28+00:00","description":"Conhe\u00e7a as solu\u00e7\u00f5es globais da Soluti, como Certificado Digital e SSL no Brasil e Peru. Amplie sua seguran\u00e7a digital conosco.","breadcrumb":{"@id":"https:\/\/leoweb.com.br\/soluti\/global\/#breadcrumb"},"inLanguage":"pt-BR","potentialAction":[{"@type":"ReadAction","target":["https:\/\/leoweb.com.br\/soluti\/global\/"]}]},{"@type":"ImageObject","inLanguage":"pt-BR","@id":"https:\/\/leoweb.com.br\/soluti\/global\/#primaryimage","url":"https:\/\/leoweb.com.br\/soluti\/wp-content\/uploads\/2024\/02\/brazil.png","contentUrl":"https:\/\/leoweb.com.br\/soluti\/wp-content\/uploads\/2024\/02\/brazil.png","width":32,"height":21,"caption":"Bandeira do Brasil"},{"@type":"BreadcrumbList","@id":"https:\/\/leoweb.com.br\/soluti\/global\/#breadcrumb","itemListElement":[{"@type":"ListItem","position":1,"name":"In\u00edcio","item":"https:\/\/leoweb.com.br\/soluti\/"},{"@type":"ListItem","position":2,"name":"Global"}]},{"@type":"WebSite","@id":"https:\/\/leoweb.com.br\/soluti\/#website","url":"https:\/\/leoweb.com.br\/soluti\/","name":"Soluti IDTech","description":"Certificados Digitais","publisher":{"@id":"https:\/\/leoweb.com.br\/soluti\/#organization"},"alternateName":"Soluti Certificado Digital","potentialAction":[{"@type":"SearchAction","target":{"@type":"EntryPoint","urlTemplate":"https:\/\/leoweb.com.br\/soluti\/?s={search_term_string}"},"query-input":{"@type":"PropertyValueSpecification","valueRequired":true,"valueName":"search_term_string"}}],"inLanguage":"pt-BR"},{"@type":"Organization","@id":"https:\/\/leoweb.com.br\/soluti\/#organization","name":"Soluti Certificado Digital","url":"https:\/\/leoweb.com.br\/soluti\/","logo":{"@type":"ImageObject","inLanguage":"pt-BR","@id":"https:\/\/leoweb.com.br\/soluti\/#\/schema\/logo\/image\/","url":"https:\/\/leoweb.com.br\/soluti\/wp-content\/uploads\/2022\/12\/favicon.png","contentUrl":"https:\/\/leoweb.com.br\/soluti\/wp-content\/uploads\/2022\/12\/favicon.png","width":250,"height":250,"caption":"Soluti Certificado Digital"},"image":{"@id":"https:\/\/leoweb.com.br\/soluti\/#\/schema\/logo\/image\/"},"sameAs":["https:\/\/www.facebook.com\/SolutiDigital","https:\/\/www.instagram.com\/solutidigital\/"]}]}},"_links":{"self":[{"href":"https:\/\/leoweb.com.br\/soluti\/wp-json\/wp\/v2\/pages\/18444","targetHints":{"allow":["GET"]}}],"collection":[{"href":"https:\/\/leoweb.com.br\/soluti\/wp-json\/wp\/v2\/pages"}],"about":[{"href":"https:\/\/leoweb.com.br\/soluti\/wp-json\/wp\/v2\/types\/page"}],"author":[{"embeddable":true,"href":"https:\/\/leoweb.com.br\/soluti\/wp-json\/wp\/v2\/users\/8"}],"replies":[{"embeddable":true,"href":"https:\/\/leoweb.com.br\/soluti\/wp-json\/wp\/v2\/comments?post=18444"}],"version-history":[{"count":0,"href":"https:\/\/leoweb.com.br\/soluti\/wp-json\/wp\/v2\/pages\/18444\/revisions"}],"wp:attachment":[{"href":"https:\/\/leoweb.com.br\/soluti\/wp-json\/wp\/v2\/media?parent=18444"}],"curies":[{"name":"wp","href":"https:\/\/api.w.org\/{rel}","templated":true}]}}