{"id":23667,"date":"2024-10-10T12:23:07","date_gmt":"2024-10-10T12:23:07","guid":{"rendered":"https:\/\/leoweb.com.br\/soluti\/?page_id=23667"},"modified":"2025-08-27T13:36:55","modified_gmt":"2025-08-27T13:36:55","slug":"estornos","status":"publish","type":"page","link":"https:\/\/leoweb.com.br\/soluti\/estornos\/","title":{"rendered":"estornos"},"content":{"rendered":"\t\t<div data-elementor-type=\"wp-page\" data-elementor-id=\"23667\" class=\"elementor elementor-23667\" data-elementor-post-type=\"page\">\n\t\t\t\t<div class=\"has_eae_slider elementor-element elementor-element-ae1b095 e-flex e-con-boxed e-con e-parent\" data-eae-slider=\"53543\" data-id=\"ae1b095\" data-element_type=\"container\" data-e-type=\"container\" data-settings=\"{&quot;background_background&quot;:&quot;classic&quot;}\">\n\t\t\t\t\t<div class=\"e-con-inner\">\n\t\t<div class=\"has_eae_slider elementor-element elementor-element-a317625 e-con-full e-flex e-con e-child\" data-eae-slider=\"23731\" data-id=\"a317625\" data-element_type=\"container\" data-e-type=\"container\">\n\t\t\t\t<div class=\"elementor-element elementor-element-56fca12 elementor-widget elementor-widget-heading\" data-id=\"56fca12\" data-element_type=\"widget\" data-e-type=\"widget\" data-widget_type=\"heading.default\">\n\t\t\t\t\t<h1 class=\"elementor-heading-title elementor-size-default\">Bem-vindo \u00e0 p\u00e1gina de solicita\u00e7\u00f5es de estorno da Soluti<\/h1>\t\t\t\t<\/div>\n\t\t\t\t<div class=\"elementor-element elementor-element-df6093e elementor-widget elementor-widget-text-editor\" data-id=\"df6093e\" data-element_type=\"widget\" data-e-type=\"widget\" data-widget_type=\"text-editor.default\">\n\t\t\t\t\t\t\t\t\t<p>\u00a0<br \/>Selecione abaixo o departamento no qual sua compra foi realizada:<\/p>\t\t\t\t\t\t\t\t<\/div>\n\t\t\t\t<\/div>\n\t\t<div class=\"has_eae_slider elementor-element elementor-element-f15025f e-con-full elementor-hidden-mobile e-flex e-con e-child\" data-eae-slider=\"29670\" data-id=\"f15025f\" data-element_type=\"container\" data-e-type=\"container\">\n\t\t\t\t<div class=\"elementor-element elementor-element-f49e034 elementor-widget elementor-widget-image\" data-id=\"f49e034\" data-element_type=\"widget\" data-e-type=\"widget\" data-widget_type=\"image.default\">\n\t\t\t\t\t\t\t\t\t\t\t\t\t\t\t<img fetchpriority=\"high\" decoding=\"async\" width=\"800\" height=\"769\" src=\"https:\/\/leoweb.com.br\/soluti\/wp-content\/uploads\/2024\/10\/homem-estornos.png\" class=\"attachment-large size-large wp-image-23670\" alt=\"Home com notebook em m\u00e3os\" srcset=\"https:\/\/leoweb.com.br\/soluti\/wp-content\/uploads\/2024\/10\/homem-estornos.png 800w, https:\/\/leoweb.com.br\/soluti\/wp-content\/uploads\/2024\/10\/homem-estornos-300x288.png 300w, https:\/\/leoweb.com.br\/soluti\/wp-content\/uploads\/2024\/10\/homem-estornos-768x738.png 768w\" sizes=\"(max-width: 800px) 100vw, 800px\" \/>\t\t\t\t\t\t\t\t\t\t\t\t\t\t\t<\/div>\n\t\t\t\t<\/div>\n\t\t\t\t\t<\/div>\n\t\t\t\t<\/div>\n\t\t<div class=\"has_eae_slider elementor-element elementor-element-6cb3f37 e-flex e-con-boxed e-con e-parent\" data-eae-slider=\"70843\" data-id=\"6cb3f37\" data-element_type=\"container\" data-e-type=\"container\">\n\t\t\t\t\t<div class=\"e-con-inner\">\n\t\t<div class=\"has_eae_slider elementor-element elementor-element-04e82fb e-con-full e-flex e-con e-child\" data-eae-slider=\"46341\" data-id=\"04e82fb\" data-element_type=\"container\" data-e-type=\"container\">\n\t\t\t\t<div class=\"elementor-element elementor-element-a28a398 elementor-widget elementor-widget-n-accordion\" data-id=\"a28a398\" data-element_type=\"widget\" data-e-type=\"widget\" data-settings=\"{&quot;default_state&quot;:&quot;all_collapsed&quot;,&quot;max_items_expended&quot;:&quot;one&quot;,&quot;n_accordion_animation_duration&quot;:{&quot;unit&quot;:&quot;ms&quot;,&quot;size&quot;:400,&quot;sizes&quot;:[]}}\" data-widget_type=\"nested-accordion.default\">\n\t\t\t\t\t\t\t<div class=\"e-n-accordion\" aria-label=\"Accordion. Open links with Enter or Space, close with Escape, and navigate with Arrow Keys\">\n\t\t\t\t\t\t<details id=\"e-n-accordion-item-1700\" class=\"e-n-accordion-item\" >\n\t\t\t\t<summary class=\"e-n-accordion-item-title\" data-accordion-index=\"1\" tabindex=\"0\" aria-expanded=\"false\" aria-controls=\"e-n-accordion-item-1700\" >\n\t\t\t\t\t<span class='e-n-accordion-item-title-header'><div class=\"e-n-accordion-item-title-text\"> E-commerce \/ Televendas <\/div><\/span>\n\t\t\t\t\t\t\t<span class='e-n-accordion-item-title-icon'>\n\t\t\t<span class='e-opened' ><svg aria-hidden=\"true\" class=\"e-font-icon-svg e-fas-minus\" viewBox=\"0 0 448 512\" xmlns=\"http:\/\/www.w3.org\/2000\/svg\"><path d=\"M416 208H32c-17.67 0-32 14.33-32 32v32c0 17.67 14.33 32 32 32h384c17.67 0 32-14.33 32-32v-32c0-17.67-14.33-32-32-32z\"><\/path><\/svg><\/span>\n\t\t\t<span class='e-closed'><svg aria-hidden=\"true\" class=\"e-font-icon-svg e-fas-plus\" viewBox=\"0 0 448 512\" xmlns=\"http:\/\/www.w3.org\/2000\/svg\"><path d=\"M416 208H272V64c0-17.67-14.33-32-32-32h-32c-17.67 0-32 14.33-32 32v144H32c-17.67 0-32 14.33-32 32v32c0 17.67 14.33 32 32 32h144v144c0 17.67 14.33 32 32 32h32c17.67 0 32-14.33 32-32V304h144c17.67 0 32-14.33 32-32v-32c0-17.67-14.33-32-32-32z\"><\/path><\/svg><\/span>\n\t\t<\/span>\n\n\t\t\t\t\t\t<\/summary>\n\t\t\t\t<div class=\"has_eae_slider elementor-element elementor-element-7026607 e-con-full e-flex e-con e-child\" data-eae-slider=\"85495\" role=\"region\" aria-labelledby=\"e-n-accordion-item-1700\" data-id=\"7026607\" data-element_type=\"container\" data-e-type=\"container\" data-settings=\"{&quot;background_background&quot;:&quot;classic&quot;}\">\n\t\t<div class=\"has_eae_slider elementor-element elementor-element-5d4502b e-flex e-con-boxed e-con e-child\" data-eae-slider=\"5570\" role=\"region\" aria-labelledby=\"e-n-accordion-item-1700\" data-id=\"5d4502b\" data-element_type=\"container\" data-e-type=\"container\">\n\t\t\t\t\t<div class=\"e-con-inner\">\n\t\t\t\t<div class=\"elementor-element elementor-element-6132c03 elementor-widget elementor-widget-hubspot-form\" data-id=\"6132c03\" data-element_type=\"widget\" data-e-type=\"widget\" data-widget_type=\"hubspot-form.default\">\n\t\t\t\t<div class=\"elementor-widget-container\">\n\t\t\t\t\t\n\t\t\t\t\t\t<script>\n\t\t\t\t\t\t\twindow.hsFormsOnReady = window.hsFormsOnReady || [];\n\t\t\t\t\t\t\twindow.hsFormsOnReady.push(()=>{\n\t\t\t\t\t\t\t\thbspt.forms.create({\n\t\t\t\t\t\t\t\t\tportalId: 9106451,\n\t\t\t\t\t\t\t\t\tformId: \"c2e6635b-8c56-4d82-be1b-c5a4a9c5f1fb\",\n\t\t\t\t\t\t\t\t\ttarget: \"#hbspt-form-1777694854000-7106676785\",\n\t\t\t\t\t\t\t\t\tregion: \"na1\",\n\t\t\t\t\t\t\t\t\t\n\t\t\t\t\t\t\t})});\n\t\t\t\t\t\t<\/script>\n\t\t\t\t\t\t<div class=\"hbspt-form\" id=\"hbspt-form-1777694854000-7106676785\"><\/div>\t\t\t\t<\/div>\n\t\t\t\t<\/div>\n\t\t\t\t\t<\/div>\n\t\t\t\t<\/div>\n\t\t\t\t<\/div>\n\t\t\t\t\t<\/details>\n\t\t\t\t\t\t<details id=\"e-n-accordion-item-1701\" class=\"e-n-accordion-item\" >\n\t\t\t\t<summary class=\"e-n-accordion-item-title\" data-accordion-index=\"2\" tabindex=\"-1\" aria-expanded=\"false\" aria-controls=\"e-n-accordion-item-1701\" >\n\t\t\t\t\t<span class='e-n-accordion-item-title-header'><div class=\"e-n-accordion-item-title-text\"> Mercado Livre <\/div><\/span>\n\t\t\t\t\t\t\t<span class='e-n-accordion-item-title-icon'>\n\t\t\t<span class='e-opened' ><svg aria-hidden=\"true\" class=\"e-font-icon-svg e-fas-minus\" viewBox=\"0 0 448 512\" xmlns=\"http:\/\/www.w3.org\/2000\/svg\"><path d=\"M416 208H32c-17.67 0-32 14.33-32 32v32c0 17.67 14.33 32 32 32h384c17.67 0 32-14.33 32-32v-32c0-17.67-14.33-32-32-32z\"><\/path><\/svg><\/span>\n\t\t\t<span class='e-closed'><svg aria-hidden=\"true\" class=\"e-font-icon-svg e-fas-plus\" viewBox=\"0 0 448 512\" xmlns=\"http:\/\/www.w3.org\/2000\/svg\"><path d=\"M416 208H272V64c0-17.67-14.33-32-32-32h-32c-17.67 0-32 14.33-32 32v144H32c-17.67 0-32 14.33-32 32v32c0 17.67 14.33 32 32 32h144v144c0 17.67 14.33 32 32 32h32c17.67 0 32-14.33 32-32V304h144c17.67 0 32-14.33 32-32v-32c0-17.67-14.33-32-32-32z\"><\/path><\/svg><\/span>\n\t\t<\/span>\n\n\t\t\t\t\t\t<\/summary>\n\t\t\t\t<div class=\"has_eae_slider elementor-element elementor-element-3b5cd07 e-con-full e-flex e-con e-child\" data-eae-slider=\"69450\" role=\"region\" aria-labelledby=\"e-n-accordion-item-1701\" data-id=\"3b5cd07\" data-element_type=\"container\" data-e-type=\"container\">\n\t\t\t\t<div class=\"elementor-element elementor-element-cb9efe5 elementor-widget elementor-widget-hubspot-form\" data-id=\"cb9efe5\" data-element_type=\"widget\" data-e-type=\"widget\" data-widget_type=\"hubspot-form.default\">\n\t\t\t\t<div class=\"elementor-widget-container\">\n\t\t\t\t\t\n\t\t\t\t\t\t<script>\n\t\t\t\t\t\t\twindow.hsFormsOnReady = window.hsFormsOnReady || [];\n\t\t\t\t\t\t\twindow.hsFormsOnReady.push(()=>{\n\t\t\t\t\t\t\t\thbspt.forms.create({\n\t\t\t\t\t\t\t\t\tportalId: 9106451,\n\t\t\t\t\t\t\t\t\tformId: \"036870b5-f2be-4b6e-9a4d-232a505bd73c\",\n\t\t\t\t\t\t\t\t\ttarget: \"#hbspt-form-1777694854000-8759789083\",\n\t\t\t\t\t\t\t\t\tregion: \"na1\",\n\t\t\t\t\t\t\t\t\t\n\t\t\t\t\t\t\t})});\n\t\t\t\t\t\t<\/script>\n\t\t\t\t\t\t<div class=\"hbspt-form\" id=\"hbspt-form-1777694854000-8759789083\"><\/div>\t\t\t\t<\/div>\n\t\t\t\t<\/div>\n\t\t\t\t<\/div>\n\t\t\t\t\t<\/details>\n\t\t\t\t\t\t<details id=\"e-n-accordion-item-1702\" class=\"e-n-accordion-item\" >\n\t\t\t\t<summary class=\"e-n-accordion-item-title\" data-accordion-index=\"3\" tabindex=\"-1\" aria-expanded=\"false\" aria-controls=\"e-n-accordion-item-1702\" >\n\t\t\t\t\t<span class='e-n-accordion-item-title-header'><div class=\"e-n-accordion-item-title-text\"> P\u00e1gina de Parceiro - Contadores <\/div><\/span>\n\t\t\t\t\t\t\t<span class='e-n-accordion-item-title-icon'>\n\t\t\t<span class='e-opened' ><svg aria-hidden=\"true\" class=\"e-font-icon-svg e-fas-minus\" viewBox=\"0 0 448 512\" xmlns=\"http:\/\/www.w3.org\/2000\/svg\"><path d=\"M416 208H32c-17.67 0-32 14.33-32 32v32c0 17.67 14.33 32 32 32h384c17.67 0 32-14.33 32-32v-32c0-17.67-14.33-32-32-32z\"><\/path><\/svg><\/span>\n\t\t\t<span class='e-closed'><svg aria-hidden=\"true\" class=\"e-font-icon-svg e-fas-plus\" viewBox=\"0 0 448 512\" xmlns=\"http:\/\/www.w3.org\/2000\/svg\"><path d=\"M416 208H272V64c0-17.67-14.33-32-32-32h-32c-17.67 0-32 14.33-32 32v144H32c-17.67 0-32 14.33-32 32v32c0 17.67 14.33 32 32 32h144v144c0 17.67 14.33 32 32 32h32c17.67 0 32-14.33 32-32V304h144c17.67 0 32-14.33 32-32v-32c0-17.67-14.33-32-32-32z\"><\/path><\/svg><\/span>\n\t\t<\/span>\n\n\t\t\t\t\t\t<\/summary>\n\t\t\t\t<div class=\"has_eae_slider elementor-element elementor-element-fbc9718 e-flex e-con-boxed e-con e-child\" data-eae-slider=\"13440\" role=\"region\" aria-labelledby=\"e-n-accordion-item-1702\" data-id=\"fbc9718\" data-element_type=\"container\" data-e-type=\"container\">\n\t\t\t\t\t<div class=\"e-con-inner\">\n\t\t\t\t<div class=\"elementor-element elementor-element-efc2863 elementor-widget elementor-widget-hubspot-form\" data-id=\"efc2863\" data-element_type=\"widget\" data-e-type=\"widget\" data-widget_type=\"hubspot-form.default\">\n\t\t\t\t<div class=\"elementor-widget-container\">\n\t\t\t\t\t\n\t\t\t\t\t\t<script>\n\t\t\t\t\t\t\twindow.hsFormsOnReady = window.hsFormsOnReady || [];\n\t\t\t\t\t\t\twindow.hsFormsOnReady.push(()=>{\n\t\t\t\t\t\t\t\thbspt.forms.create({\n\t\t\t\t\t\t\t\t\tportalId: 9106451,\n\t\t\t\t\t\t\t\t\tformId: \"ceb7e0e4-5bc9-4d06-8e7d-74bef58873cd\",\n\t\t\t\t\t\t\t\t\ttarget: \"#hbspt-form-1777694854000-1929553762\",\n\t\t\t\t\t\t\t\t\tregion: \"na1\",\n\t\t\t\t\t\t\t\t\t\n\t\t\t\t\t\t\t})});\n\t\t\t\t\t\t<\/script>\n\t\t\t\t\t\t<div class=\"hbspt-form\" id=\"hbspt-form-1777694854000-1929553762\"><\/div>\t\t\t\t<\/div>\n\t\t\t\t<\/div>\n\t\t\t\t\t<\/div>\n\t\t\t\t<\/div>\n\t\t\t\t\t<\/details>\n\t\t\t\t\t\t<details id=\"e-n-accordion-item-1703\" class=\"e-n-accordion-item\" >\n\t\t\t\t<summary class=\"e-n-accordion-item-title\" data-accordion-index=\"4\" tabindex=\"-1\" aria-expanded=\"false\" aria-controls=\"e-n-accordion-item-1703\" >\n\t\t\t\t\t<span class='e-n-accordion-item-title-header'><div class=\"e-n-accordion-item-title-text\"> Loja F\u00edsica <\/div><\/span>\n\t\t\t\t\t\t\t<span class='e-n-accordion-item-title-icon'>\n\t\t\t<span class='e-opened' ><svg aria-hidden=\"true\" class=\"e-font-icon-svg e-fas-minus\" viewBox=\"0 0 448 512\" xmlns=\"http:\/\/www.w3.org\/2000\/svg\"><path d=\"M416 208H32c-17.67 0-32 14.33-32 32v32c0 17.67 14.33 32 32 32h384c17.67 0 32-14.33 32-32v-32c0-17.67-14.33-32-32-32z\"><\/path><\/svg><\/span>\n\t\t\t<span class='e-closed'><svg aria-hidden=\"true\" class=\"e-font-icon-svg e-fas-plus\" viewBox=\"0 0 448 512\" xmlns=\"http:\/\/www.w3.org\/2000\/svg\"><path d=\"M416 208H272V64c0-17.67-14.33-32-32-32h-32c-17.67 0-32 14.33-32 32v144H32c-17.67 0-32 14.33-32 32v32c0 17.67 14.33 32 32 32h144v144c0 17.67 14.33 32 32 32h32c17.67 0 32-14.33 32-32V304h144c17.67 0 32-14.33 32-32v-32c0-17.67-14.33-32-32-32z\"><\/path><\/svg><\/span>\n\t\t<\/span>\n\n\t\t\t\t\t\t<\/summary>\n\t\t\t\t<div class=\"has_eae_slider elementor-element elementor-element-6495cd1 e-flex e-con-boxed e-con e-child\" data-eae-slider=\"84821\" role=\"region\" aria-labelledby=\"e-n-accordion-item-1703\" data-id=\"6495cd1\" data-element_type=\"container\" data-e-type=\"container\">\n\t\t\t\t\t<div class=\"e-con-inner\">\n\t\t\t\t<div class=\"elementor-element elementor-element-691f034 elementor-widget elementor-widget-hubspot-form\" data-id=\"691f034\" data-element_type=\"widget\" data-e-type=\"widget\" data-widget_type=\"hubspot-form.default\">\n\t\t\t\t<div class=\"elementor-widget-container\">\n\t\t\t\t\t\n\t\t\t\t\t\t<script>\n\t\t\t\t\t\t\twindow.hsFormsOnReady = window.hsFormsOnReady || [];\n\t\t\t\t\t\t\twindow.hsFormsOnReady.push(()=>{\n\t\t\t\t\t\t\t\thbspt.forms.create({\n\t\t\t\t\t\t\t\t\tportalId: 9106451,\n\t\t\t\t\t\t\t\t\tformId: \"616fcf77-9990-482c-b44d-a97d1dcf2ea3\",\n\t\t\t\t\t\t\t\t\ttarget: \"#hbspt-form-1777694854000-1031254983\",\n\t\t\t\t\t\t\t\t\tregion: \"na1\",\n\t\t\t\t\t\t\t\t\t\n\t\t\t\t\t\t\t})});\n\t\t\t\t\t\t<\/script>\n\t\t\t\t\t\t<div class=\"hbspt-form\" id=\"hbspt-form-1777694854000-1031254983\"><\/div>\t\t\t\t<\/div>\n\t\t\t\t<\/div>\n\t\t\t\t\t<\/div>\n\t\t\t\t<\/div>\n\t\t\t\t\t<\/details>\n\t\t\t\t\t<\/div>\n\t\t\t\t\t\t<\/div>\n\t\t\t\t<\/div>\n\t\t<div class=\"has_eae_slider elementor-element elementor-element-4123335 e-con-full e-flex e-con e-child\" data-eae-slider=\"95976\" data-id=\"4123335\" data-element_type=\"container\" data-e-type=\"container\">\n\t\t\t\t<\/div>\n\t\t\t\t\t<\/div>\n\t\t\t\t<\/div>\n\t\t<div class=\"has_eae_slider elementor-element elementor-element-6cf7b0c e-flex e-con-boxed e-con e-parent\" data-eae-slider=\"2744\" data-id=\"6cf7b0c\" data-element_type=\"container\" data-e-type=\"container\">\n\t\t\t\t\t<div class=\"e-con-inner\">\n\t\t\t\t<div class=\"elementor-element elementor-element-b95a0f3 elementor-widget elementor-widget-text-editor\" data-id=\"b95a0f3\" data-element_type=\"widget\" data-e-type=\"widget\" data-widget_type=\"text-editor.default\">\n\t\t\t\t\t\t\t\t\t<p><strong>Aten\u00e7\u00e3o:<\/strong> Para solicitar o estorno de recargas realizadas no aplicativo Bird ID, entre em contato diretamente com a loja de aplicativos do seu smartphone (Apple Store ou Google Play Store).<\/p>\t\t\t\t\t\t\t\t<\/div>\n\t\t\t\t\t<\/div>\n\t\t\t\t<\/div>\n\t\t\t\t<\/div>\n\t\t","protected":false},"excerpt":{"rendered":"<p>Bem-vindo \u00e0 p\u00e1gina de solicita\u00e7\u00f5es de estorno da Soluti \u00a0Selecione abaixo o departamento no qual sua compra foi realizada: E-commerce \/ Televendas Mercado Livre P\u00e1gina de Parceiro &#8211; Contadores Loja F\u00edsica Aten\u00e7\u00e3o: Para solicitar o estorno de recargas realizadas no aplicativo Bird ID, entre em contato diretamente com a loja de aplicativos do seu smartphone [&hellip;]<\/p>\n","protected":false},"author":8,"featured_media":0,"parent":0,"menu_order":0,"comment_status":"closed","ping_status":"closed","template":"elementor_header_footer","meta":{"_acf_changed":false,"content-type":"","footnotes":""},"class_list":["post-23667","page","type-page","status-publish","hentry"],"acf":[],"yoast_head":"<!-- This site is optimized with the Yoast SEO Premium plugin v26.2 (Yoast SEO v27.4) - https:\/\/yoast.com\/product\/yoast-seo-premium-wordpress\/ -->\n<title>estornos - Soluti<\/title>\n<meta name=\"robots\" content=\"noindex, follow, max-snippet:-1, max-image-preview:large, max-video-preview:-1\" \/>\n<meta property=\"og:locale\" content=\"pt_BR\" \/>\n<meta property=\"og:type\" content=\"article\" \/>\n<meta property=\"og:title\" content=\"estornos\" \/>\n<meta property=\"og:description\" content=\"Soluti Certificado Digital | L\u00edder em Certificados Digitais no Brasil\" \/>\n<meta property=\"og:url\" content=\"https:\/\/leoweb.com.br\/soluti\/estornos\/\" \/>\n<meta property=\"og:site_name\" content=\"Soluti\" \/>\n<meta property=\"article:publisher\" content=\"https:\/\/www.facebook.com\/SolutiDigital\" \/>\n<meta property=\"article:modified_time\" content=\"2025-08-27T13:36:55+00:00\" \/>\n<meta property=\"og:image\" content=\"https:\/\/leoweb.com.br\/soluti\/wp-content\/uploads\/2024\/10\/homem-estornos.png\" \/>\n<meta name=\"twitter:card\" content=\"summary_large_image\" \/>\n<script type=\"application\/ld+json\" class=\"yoast-schema-graph\">{\"@context\":\"https:\\\/\\\/schema.org\",\"@graph\":[{\"@type\":\"WebPage\",\"@id\":\"https:\\\/\\\/leoweb.com.br\\\/soluti\\\/estornos\\\/\",\"url\":\"https:\\\/\\\/leoweb.com.br\\\/soluti\\\/estornos\\\/\",\"name\":\"estornos - Soluti\",\"isPartOf\":{\"@id\":\"https:\\\/\\\/leoweb.com.br\\\/soluti\\\/#website\"},\"primaryImageOfPage\":{\"@id\":\"https:\\\/\\\/leoweb.com.br\\\/soluti\\\/estornos\\\/#primaryimage\"},\"image\":{\"@id\":\"https:\\\/\\\/leoweb.com.br\\\/soluti\\\/estornos\\\/#primaryimage\"},\"thumbnailUrl\":\"https:\\\/\\\/leoweb.com.br\\\/soluti\\\/wp-content\\\/uploads\\\/2024\\\/10\\\/homem-estornos.png\",\"datePublished\":\"2024-10-10T12:23:07+00:00\",\"dateModified\":\"2025-08-27T13:36:55+00:00\",\"breadcrumb\":{\"@id\":\"https:\\\/\\\/leoweb.com.br\\\/soluti\\\/estornos\\\/#breadcrumb\"},\"inLanguage\":\"pt-BR\",\"potentialAction\":[{\"@type\":\"ReadAction\",\"target\":[\"https:\\\/\\\/leoweb.com.br\\\/soluti\\\/estornos\\\/\"]}]},{\"@type\":\"ImageObject\",\"inLanguage\":\"pt-BR\",\"@id\":\"https:\\\/\\\/leoweb.com.br\\\/soluti\\\/estornos\\\/#primaryimage\",\"url\":\"https:\\\/\\\/leoweb.com.br\\\/soluti\\\/wp-content\\\/uploads\\\/2024\\\/10\\\/homem-estornos.png\",\"contentUrl\":\"https:\\\/\\\/leoweb.com.br\\\/soluti\\\/wp-content\\\/uploads\\\/2024\\\/10\\\/homem-estornos.png\",\"width\":800,\"height\":769,\"caption\":\"Home com notebook em m\u00e3os\"},{\"@type\":\"BreadcrumbList\",\"@id\":\"https:\\\/\\\/leoweb.com.br\\\/soluti\\\/estornos\\\/#breadcrumb\",\"itemListElement\":[{\"@type\":\"ListItem\",\"position\":1,\"name\":\"In\u00edcio\",\"item\":\"https:\\\/\\\/leoweb.com.br\\\/soluti\\\/\"},{\"@type\":\"ListItem\",\"position\":2,\"name\":\"estornos\"}]},{\"@type\":\"WebSite\",\"@id\":\"https:\\\/\\\/leoweb.com.br\\\/soluti\\\/#website\",\"url\":\"https:\\\/\\\/leoweb.com.br\\\/soluti\\\/\",\"name\":\"Soluti IDTech\",\"description\":\"Certificados Digitais\",\"publisher\":{\"@id\":\"https:\\\/\\\/leoweb.com.br\\\/soluti\\\/#organization\"},\"alternateName\":\"Soluti Certificado Digital\",\"potentialAction\":[{\"@type\":\"SearchAction\",\"target\":{\"@type\":\"EntryPoint\",\"urlTemplate\":\"https:\\\/\\\/leoweb.com.br\\\/soluti\\\/?s={search_term_string}\"},\"query-input\":{\"@type\":\"PropertyValueSpecification\",\"valueRequired\":true,\"valueName\":\"search_term_string\"}}],\"inLanguage\":\"pt-BR\"},{\"@type\":\"Organization\",\"@id\":\"https:\\\/\\\/leoweb.com.br\\\/soluti\\\/#organization\",\"name\":\"Soluti Certificado Digital\",\"url\":\"https:\\\/\\\/leoweb.com.br\\\/soluti\\\/\",\"logo\":{\"@type\":\"ImageObject\",\"inLanguage\":\"pt-BR\",\"@id\":\"https:\\\/\\\/leoweb.com.br\\\/soluti\\\/#\\\/schema\\\/logo\\\/image\\\/\",\"url\":\"https:\\\/\\\/leoweb.com.br\\\/soluti\\\/wp-content\\\/uploads\\\/2022\\\/12\\\/favicon.png\",\"contentUrl\":\"https:\\\/\\\/leoweb.com.br\\\/soluti\\\/wp-content\\\/uploads\\\/2022\\\/12\\\/favicon.png\",\"width\":250,\"height\":250,\"caption\":\"Soluti Certificado Digital\"},\"image\":{\"@id\":\"https:\\\/\\\/leoweb.com.br\\\/soluti\\\/#\\\/schema\\\/logo\\\/image\\\/\"},\"sameAs\":[\"https:\\\/\\\/www.facebook.com\\\/SolutiDigital\",\"https:\\\/\\\/www.instagram.com\\\/solutidigital\\\/\"]}]}<\/script>\n<!-- \/ Yoast SEO Premium plugin. -->","yoast_head_json":{"title":"estornos - Soluti","robots":{"index":"noindex","follow":"follow","max-snippet":"max-snippet:-1","max-image-preview":"max-image-preview:large","max-video-preview":"max-video-preview:-1"},"og_locale":"pt_BR","og_type":"article","og_title":"estornos","og_description":"Soluti Certificado Digital | L\u00edder em Certificados Digitais no Brasil","og_url":"https:\/\/leoweb.com.br\/soluti\/estornos\/","og_site_name":"Soluti","article_publisher":"https:\/\/www.facebook.com\/SolutiDigital","article_modified_time":"2025-08-27T13:36:55+00:00","og_image":[{"url":"https:\/\/leoweb.com.br\/soluti\/wp-content\/uploads\/2024\/10\/homem-estornos.png","type":"","width":"","height":""}],"twitter_card":"summary_large_image","schema":{"@context":"https:\/\/schema.org","@graph":[{"@type":"WebPage","@id":"https:\/\/leoweb.com.br\/soluti\/estornos\/","url":"https:\/\/leoweb.com.br\/soluti\/estornos\/","name":"estornos - Soluti","isPartOf":{"@id":"https:\/\/leoweb.com.br\/soluti\/#website"},"primaryImageOfPage":{"@id":"https:\/\/leoweb.com.br\/soluti\/estornos\/#primaryimage"},"image":{"@id":"https:\/\/leoweb.com.br\/soluti\/estornos\/#primaryimage"},"thumbnailUrl":"https:\/\/leoweb.com.br\/soluti\/wp-content\/uploads\/2024\/10\/homem-estornos.png","datePublished":"2024-10-10T12:23:07+00:00","dateModified":"2025-08-27T13:36:55+00:00","breadcrumb":{"@id":"https:\/\/leoweb.com.br\/soluti\/estornos\/#breadcrumb"},"inLanguage":"pt-BR","potentialAction":[{"@type":"ReadAction","target":["https:\/\/leoweb.com.br\/soluti\/estornos\/"]}]},{"@type":"ImageObject","inLanguage":"pt-BR","@id":"https:\/\/leoweb.com.br\/soluti\/estornos\/#primaryimage","url":"https:\/\/leoweb.com.br\/soluti\/wp-content\/uploads\/2024\/10\/homem-estornos.png","contentUrl":"https:\/\/leoweb.com.br\/soluti\/wp-content\/uploads\/2024\/10\/homem-estornos.png","width":800,"height":769,"caption":"Home com notebook em m\u00e3os"},{"@type":"BreadcrumbList","@id":"https:\/\/leoweb.com.br\/soluti\/estornos\/#breadcrumb","itemListElement":[{"@type":"ListItem","position":1,"name":"In\u00edcio","item":"https:\/\/leoweb.com.br\/soluti\/"},{"@type":"ListItem","position":2,"name":"estornos"}]},{"@type":"WebSite","@id":"https:\/\/leoweb.com.br\/soluti\/#website","url":"https:\/\/leoweb.com.br\/soluti\/","name":"Soluti IDTech","description":"Certificados Digitais","publisher":{"@id":"https:\/\/leoweb.com.br\/soluti\/#organization"},"alternateName":"Soluti Certificado Digital","potentialAction":[{"@type":"SearchAction","target":{"@type":"EntryPoint","urlTemplate":"https:\/\/leoweb.com.br\/soluti\/?s={search_term_string}"},"query-input":{"@type":"PropertyValueSpecification","valueRequired":true,"valueName":"search_term_string"}}],"inLanguage":"pt-BR"},{"@type":"Organization","@id":"https:\/\/leoweb.com.br\/soluti\/#organization","name":"Soluti Certificado Digital","url":"https:\/\/leoweb.com.br\/soluti\/","logo":{"@type":"ImageObject","inLanguage":"pt-BR","@id":"https:\/\/leoweb.com.br\/soluti\/#\/schema\/logo\/image\/","url":"https:\/\/leoweb.com.br\/soluti\/wp-content\/uploads\/2022\/12\/favicon.png","contentUrl":"https:\/\/leoweb.com.br\/soluti\/wp-content\/uploads\/2022\/12\/favicon.png","width":250,"height":250,"caption":"Soluti Certificado Digital"},"image":{"@id":"https:\/\/leoweb.com.br\/soluti\/#\/schema\/logo\/image\/"},"sameAs":["https:\/\/www.facebook.com\/SolutiDigital","https:\/\/www.instagram.com\/solutidigital\/"]}]}},"_links":{"self":[{"href":"https:\/\/leoweb.com.br\/soluti\/wp-json\/wp\/v2\/pages\/23667","targetHints":{"allow":["GET"]}}],"collection":[{"href":"https:\/\/leoweb.com.br\/soluti\/wp-json\/wp\/v2\/pages"}],"about":[{"href":"https:\/\/leoweb.com.br\/soluti\/wp-json\/wp\/v2\/types\/page"}],"author":[{"embeddable":true,"href":"https:\/\/leoweb.com.br\/soluti\/wp-json\/wp\/v2\/users\/8"}],"replies":[{"embeddable":true,"href":"https:\/\/leoweb.com.br\/soluti\/wp-json\/wp\/v2\/comments?post=23667"}],"version-history":[{"count":0,"href":"https:\/\/leoweb.com.br\/soluti\/wp-json\/wp\/v2\/pages\/23667\/revisions"}],"wp:attachment":[{"href":"https:\/\/leoweb.com.br\/soluti\/wp-json\/wp\/v2\/media?parent=23667"}],"curies":[{"name":"wp","href":"https:\/\/api.w.org\/{rel}","templated":true}]}}